{"id":3,"date":"2022-03-09T08:32:00","date_gmt":"2022-03-09T08:32:00","guid":{"rendered":"https:\/\/elparadiso.es\/?page_id=3"},"modified":"2022-03-09T23:04:52","modified_gmt":"2022-03-09T23:04:52","slug":"impressum-disclaimer","status":"publish","type":"page","link":"https:\/\/elparadiso.es\/de\/impressum-haftungsausschluss\/","title":{"rendered":"Impressum \u2013 Disclaimer"},"content":{"rendered":"<p>El Paradiso<br \/>Lucopa SL<br \/>Boulevard de Paguera 48<br \/>07160 Peguera<br \/>Spanien<\/p>\r\n<p>Telefon: +34 971 686048<br \/>E-Mail: speckert123@gmx.de<\/p>\r\n<p>Website: http:\/\/www.el-paradiso.es<\/p>\r\n<p>Management:<br \/>Frau Gabi Speckert<\/p>\r\n<p>Inhaltlich Verantwortlicher gem\u00e4\u00df \u00a755 RStV: Frau Gabi Speckert<\/p>\r\n<p>Umsatzsteuer-Identifikationsnummer gem\u00e4\u00df \u00a7 27 a Umsatzsteuergesetz:<\/p>\r\n<p><br \/>Haftungsausschluss:<br \/>Haftung f\u00fcr Inhalte<\/p>\r\n<p>Als Diensteanbieter sind wir gem\u00e4\u00df \u00a7 7 Abs.1 TMG f\u00fcr eigene Inhalte auf diesen Seiten nach den allgemeinen Gesetzen verantwortlich. Nach \u00a7\u00a7 8 bis 10 TMG sind wir als Diensteanbieter jedoch nicht verpflichtet, \u00fcbermittelte oder gespeicherte fremde Informationen zu \u00fcberwachen oder nach Umst\u00e4nden zu forschen, die auf eine rechtswidrige T\u00e4tigkeit hinweisen.<br \/>Verpflichtungen zur Entfernung oder Sperrung der Nutzung von Informationen nach den allgemeinen Gesetzen bleiben hiervon unber\u00fchrt. Eine diesbez\u00fcgliche Haftung ist jedoch erst ab dem Zeitpunkt der Kenntnis einer konkreten Rechtsverletzung m\u00f6glich. Bei Bekanntwerden von entsprechenden Rechtsverletzungen werden wir diese Inhalte umgehend entfernen.<br \/>Haftung f\u00fcr Links<\/p>\r\n<p>Unser Angebot enth\u00e4lt Links zu externen Websites Dritter, auf deren Inhalte wir keinen Einfluss haben. Deshalb k\u00f6nnen wir f\u00fcr diese fremden Inhalte auch keine Gew\u00e4hr \u00fcbernehmen. F\u00fcr die Inhalte der verlinkten Seiten ist stets der jeweilige Anbieter oder Betreiber der Seiten verantwortlich. Die verlinkten Seiten wurden zum Zeitpunkt der Verlinkung auf m\u00f6gliche Rechtsverst\u00f6\u00dfe \u00fcberpr\u00fcft. Rechtswidrige Inhalte waren zum Zeitpunkt der Verlinkung nicht erkennbar.<br \/>Eine permanente inhaltliche Kontrolle der verlinkten Seiten ist jedoch ohne konkrete Anhaltspunkte einer Rechtsverletzung nicht zumutbar. Bei Bekanntwerden von Rechtsverletzungen werden wir derartige Links umgehend entfernen.<br \/>Verbraucherinformation:<br \/>Online-Streitbeilegung gem\u00e4\u00df Art. 14 Abs. 1 ODR-VO: Die Europ\u00e4ische Kommission stellt eine Plattform zur Online-Streitbeilegung (OS) bereit, die Sie hier finden: ec.europa.eu\/consumers\/odr.<\/p>\r\n<p><br \/>El Paradiso nimmt nicht an Streitbeilegungsverfahren teil.<\/p>","protected":false},"excerpt":{"rendered":"<p>El ParadisoLucopa S.L.Boulevard de Paguera 4807160 PegueraSpain Telephone: +34 971 686048Email: speckert123@gmx.de Web: http:\/\/www.el-paradiso.es Management:Mrs. Gabi Speckert Responsible for content according to \u00a755 RStV: Ms. Gabi Speckert Sales tax ID no. according to \u00a7 27 a Value Added Tax Act: Disclaimer:Liability for content As a service provider, we are responsible for our own content on [&hellip;]<\/p>","protected":false},"author":8,"featured_media":0,"parent":0,"menu_order":0,"comment_status":"closed","ping_status":"open","template":"","meta":{"footnotes":""},"class_list":["post-3","page","type-page","status-publish","hentry"],"yoast_head":"<!-- This site is optimized with the Yoast SEO plugin v23.6 - https:\/\/yoast.com\/wordpress\/plugins\/seo\/ -->\n<title>Impressum - Disclaimer - El Paradiso: Restaurant in Paguera<\/title>\n<meta name=\"robots\" content=\"index, follow, max-snippet:-1, max-image-preview:large, max-video-preview:-1\" \/>\n<link rel=\"canonical\" href=\"https:\/\/elparadiso.es\/de\/impressum-haftungsausschluss\/\" \/>\n<meta property=\"og:locale\" content=\"de_DE\" \/>\n<meta property=\"og:type\" content=\"article\" \/>\n<meta property=\"og:title\" content=\"Impressum - Disclaimer - El Paradiso: Restaurant in Paguera\" \/>\n<meta property=\"og:description\" content=\"El ParadisoLucopa S.L.Boulevard de Paguera 4807160 PegueraSpain Telephone: +34 971 686048Email: speckert123@gmx.de Web: http:\/\/www.el-paradiso.es Management:Mrs. Gabi Speckert Responsible for content according to \u00a755 RStV: Ms. Gabi Speckert Sales tax ID no. according to \u00a7 27 a Value Added Tax Act: Disclaimer:Liability for content As a service provider, we are responsible for our own content on [&hellip;]\" \/>\n<meta property=\"og:url\" content=\"https:\/\/elparadiso.es\/de\/impressum-haftungsausschluss\/\" \/>\n<meta property=\"og:site_name\" content=\"El Paradiso: Restaurant in Paguera\" \/>\n<meta property=\"article:publisher\" content=\"https:\/\/www.facebook.com\/Restaurante-El-Paradiso-Paguera-170928189585488\/\" \/>\n<meta property=\"article:modified_time\" content=\"2022-03-09T23:04:52+00:00\" \/>\n<meta name=\"twitter:card\" content=\"summary_large_image\" \/>\n<meta name=\"twitter:label1\" content=\"Est. reading time\" \/>\n\t<meta name=\"twitter:data1\" content=\"2 minutes\" \/>\n<script type=\"application\/ld+json\" class=\"yoast-schema-graph\">{\"@context\":\"https:\/\/schema.org\",\"@graph\":[{\"@type\":\"WebPage\",\"@id\":\"https:\/\/elparadiso.es\/impressum-disclaimer\/\",\"url\":\"https:\/\/elparadiso.es\/impressum-disclaimer\/\",\"name\":\"Impressum - Disclaimer - El Paradiso: Restaurant in Paguera\",\"isPartOf\":{\"@id\":\"https:\/\/elparadiso.es\/#website\"},\"datePublished\":\"2022-03-09T08:32:00+00:00\",\"dateModified\":\"2022-03-09T23:04:52+00:00\",\"breadcrumb\":{\"@id\":\"https:\/\/elparadiso.es\/impressum-disclaimer\/#breadcrumb\"},\"inLanguage\":\"de-DE\",\"potentialAction\":[{\"@type\":\"ReadAction\",\"target\":[\"https:\/\/elparadiso.es\/impressum-disclaimer\/\"]}]},{\"@type\":\"BreadcrumbList\",\"@id\":\"https:\/\/elparadiso.es\/impressum-disclaimer\/#breadcrumb\",\"itemListElement\":[{\"@type\":\"ListItem\",\"position\":1,\"name\":\"Home\",\"item\":\"https:\/\/elparadiso.es\/\"},{\"@type\":\"ListItem\",\"position\":2,\"name\":\"Impressum &#8211; Disclaimer\"}]},{\"@type\":\"WebSite\",\"@id\":\"https:\/\/elparadiso.es\/#website\",\"url\":\"https:\/\/elparadiso.es\/\",\"name\":\"El Paradiso: Restaurant in Paguera\",\"description\":\"Would you like to enjoy delicious traditional food next to some beatiful and fresh sea views? Do not lose that opportunity\",\"publisher\":{\"@id\":\"https:\/\/elparadiso.es\/#organization\"},\"potentialAction\":[{\"@type\":\"SearchAction\",\"target\":{\"@type\":\"EntryPoint\",\"urlTemplate\":\"https:\/\/elparadiso.es\/?s={search_term_string}\"},\"query-input\":{\"@type\":\"PropertyValueSpecification\",\"valueRequired\":true,\"valueName\":\"search_term_string\"}}],\"inLanguage\":\"de-DE\"},{\"@type\":\"Organization\",\"@id\":\"https:\/\/elparadiso.es\/#organization\",\"name\":\"El Paradiso: Restaurant in Paguera\",\"url\":\"https:\/\/elparadiso.es\/\",\"logo\":{\"@type\":\"ImageObject\",\"inLanguage\":\"de-DE\",\"@id\":\"https:\/\/elparadiso.es\/#\/schema\/logo\/image\/\",\"url\":\"https:\/\/elparadiso.es\/wp-content\/uploads\/2022\/03\/cropped-El-Paradiso-logo.png\",\"contentUrl\":\"https:\/\/elparadiso.es\/wp-content\/uploads\/2022\/03\/cropped-El-Paradiso-logo.png\",\"width\":875,\"height\":250,\"caption\":\"El Paradiso: Restaurant in Paguera\"},\"image\":{\"@id\":\"https:\/\/elparadiso.es\/#\/schema\/logo\/image\/\"},\"sameAs\":[\"https:\/\/www.facebook.com\/Restaurante-El-Paradiso-Paguera-170928189585488\/\"]}]}<\/script>\n<!-- \/ Yoast SEO plugin. -->","yoast_head_json":{"title":"Impressum - Disclaimer - El Paradiso: Restaurant in Paguera","robots":{"index":"index","follow":"follow","max-snippet":"max-snippet:-1","max-image-preview":"max-image-preview:large","max-video-preview":"max-video-preview:-1"},"canonical":"https:\/\/elparadiso.es\/de\/impressum-haftungsausschluss\/","og_locale":"de_DE","og_type":"article","og_title":"Impressum - Disclaimer - El Paradiso: Restaurant in Paguera","og_description":"El ParadisoLucopa S.L.Boulevard de Paguera 4807160 PegueraSpain Telephone: +34 971 686048Email: speckert123@gmx.de Web: http:\/\/www.el-paradiso.es Management:Mrs. Gabi Speckert Responsible for content according to \u00a755 RStV: Ms. Gabi Speckert Sales tax ID no. according to \u00a7 27 a Value Added Tax Act: Disclaimer:Liability for content As a service provider, we are responsible for our own content on [&hellip;]","og_url":"https:\/\/elparadiso.es\/de\/impressum-haftungsausschluss\/","og_site_name":"El Paradiso: Restaurant in Paguera","article_publisher":"https:\/\/www.facebook.com\/Restaurante-El-Paradiso-Paguera-170928189585488\/","article_modified_time":"2022-03-09T23:04:52+00:00","twitter_card":"summary_large_image","twitter_misc":{"Est. reading time":"2 minutes"},"schema":{"@context":"https:\/\/schema.org","@graph":[{"@type":"WebPage","@id":"https:\/\/elparadiso.es\/impressum-disclaimer\/","url":"https:\/\/elparadiso.es\/impressum-disclaimer\/","name":"Impressum - Disclaimer - El Paradiso: Restaurant in Paguera","isPartOf":{"@id":"https:\/\/elparadiso.es\/#website"},"datePublished":"2022-03-09T08:32:00+00:00","dateModified":"2022-03-09T23:04:52+00:00","breadcrumb":{"@id":"https:\/\/elparadiso.es\/impressum-disclaimer\/#breadcrumb"},"inLanguage":"de-DE","potentialAction":[{"@type":"ReadAction","target":["https:\/\/elparadiso.es\/impressum-disclaimer\/"]}]},{"@type":"BreadcrumbList","@id":"https:\/\/elparadiso.es\/impressum-disclaimer\/#breadcrumb","itemListElement":[{"@type":"ListItem","position":1,"name":"Home","item":"https:\/\/elparadiso.es\/"},{"@type":"ListItem","position":2,"name":"Impressum &#8211; Disclaimer"}]},{"@type":"WebSite","@id":"https:\/\/elparadiso.es\/#website","url":"https:\/\/elparadiso.es\/","name":"El Paradiso: Restaurant in Paguera","description":"Would you like to enjoy delicious traditional food next to some beatiful and fresh sea views? Do not lose that opportunity","publisher":{"@id":"https:\/\/elparadiso.es\/#organization"},"potentialAction":[{"@type":"SearchAction","target":{"@type":"EntryPoint","urlTemplate":"https:\/\/elparadiso.es\/?s={search_term_string}"},"query-input":{"@type":"PropertyValueSpecification","valueRequired":true,"valueName":"search_term_string"}}],"inLanguage":"de-DE"},{"@type":"Organization","@id":"https:\/\/elparadiso.es\/#organization","name":"El Paradiso: Restaurant in Paguera","url":"https:\/\/elparadiso.es\/","logo":{"@type":"ImageObject","inLanguage":"de-DE","@id":"https:\/\/elparadiso.es\/#\/schema\/logo\/image\/","url":"https:\/\/elparadiso.es\/wp-content\/uploads\/2022\/03\/cropped-El-Paradiso-logo.png","contentUrl":"https:\/\/elparadiso.es\/wp-content\/uploads\/2022\/03\/cropped-El-Paradiso-logo.png","width":875,"height":250,"caption":"El Paradiso: Restaurant in Paguera"},"image":{"@id":"https:\/\/elparadiso.es\/#\/schema\/logo\/image\/"},"sameAs":["https:\/\/www.facebook.com\/Restaurante-El-Paradiso-Paguera-170928189585488\/"]}]}},"_links":{"self":[{"href":"https:\/\/elparadiso.es\/de\/wp-json\/wp\/v2\/pages\/3"}],"collection":[{"href":"https:\/\/elparadiso.es\/de\/wp-json\/wp\/v2\/pages"}],"about":[{"href":"https:\/\/elparadiso.es\/de\/wp-json\/wp\/v2\/types\/page"}],"author":[{"embeddable":true,"href":"https:\/\/elparadiso.es\/de\/wp-json\/wp\/v2\/users\/8"}],"replies":[{"embeddable":true,"href":"https:\/\/elparadiso.es\/de\/wp-json\/wp\/v2\/comments?post=3"}],"version-history":[{"count":1,"href":"https:\/\/elparadiso.es\/de\/wp-json\/wp\/v2\/pages\/3\/revisions"}],"predecessor-version":[{"id":386,"href":"https:\/\/elparadiso.es\/de\/wp-json\/wp\/v2\/pages\/3\/revisions\/386"}],"wp:attachment":[{"href":"https:\/\/elparadiso.es\/de\/wp-json\/wp\/v2\/media?parent=3"}],"curies":[{"name":"wp","href":"https:\/\/api.w.org\/{rel}","templated":true}]}}