{"id":3,"date":"2022-03-09T08:32:00","date_gmt":"2022-03-09T08:32:00","guid":{"rendered":"https:\/\/elparadiso.es\/?page_id=3"},"modified":"2022-03-09T23:04:52","modified_gmt":"2022-03-09T23:04:52","slug":"impressum-disclaimer","status":"publish","type":"page","link":"https:\/\/elparadiso.es\/es\/aviso-legal\/","title":{"rendered":"Aviso legal \u2013 Descargo de responsabilidad"},"content":{"rendered":"<p>El Para\u00edso<br \/>Lucopa SL<br \/>Bulevar de Paguera 48<br \/>07160 Peguera<br \/>Espa\u00f1a<\/p>\r\n<p>Tel\u00e9fono: +34 971 686048<br \/>Correo electr\u00f3nico: speckert123@gmx.de<\/p>\r\n<p>Web: http:\/\/www.el-paradiso.es<\/p>\r\n<p>Gesti\u00f3n:<br \/>Sra. Gabi Speckert<\/p>\r\n<p>Responsable del contenido seg\u00fan \u00a755 RStV: Sra. Gabi Speckert<\/p>\r\n<p>N\u00famero de identificaci\u00f3n fiscal seg\u00fan el \u00a7 27 a de la Ley del Impuesto sobre el Valor A\u00f1adido:<\/p>\r\n<p><br \/>Descargo de responsabilidad:<br \/>Responsabilidad por el contenido<\/p>\r\n<p>Como proveedores de servicios, somos responsables de los contenidos propios de estas p\u00e1ginas seg\u00fan el art\u00edculo 7, apartado 1, de la Ley alemana de medios de comunicaci\u00f3n (TMG). Sin embargo, seg\u00fan los art\u00edculos 8 a 10 de la TMG, como proveedores de servicios no estamos obligados a supervisar la informaci\u00f3n de terceros transmitida o almacenada ni a investigar circunstancias que indiquen una actividad ilegal.<br \/>Las obligaciones de eliminar o bloquear el uso de informaci\u00f3n seg\u00fan las leyes generales no se ven afectadas. Sin embargo, la responsabilidad a este respecto solo es posible a partir del momento en que se tiene conocimiento de una infracci\u00f3n legal espec\u00edfica. En cuanto tengamos conocimiento de una infracci\u00f3n legal, eliminaremos el contenido de inmediato.<br \/>Responsabilidad por los enlaces<\/p>\r\n<p>Nuestra oferta contiene enlaces a p\u00e1ginas web externas de terceros, sobre cuyo contenido no tenemos ninguna influencia. Por lo tanto, no podemos asumir ninguna responsabilidad por estos contenidos externos. El proveedor u operador de las p\u00e1ginas enlazadas es siempre responsable del contenido de las p\u00e1ginas enlazadas. Las p\u00e1ginas enlazadas fueron comprobadas en el momento de la inclusi\u00f3n del enlace para detectar posibles infracciones legales. En el momento de la inclusi\u00f3n del enlace no se detectaron contenidos ilegales.<br \/>Sin embargo, no es razonable un control permanente del contenido de las p\u00e1ginas enlazadas sin pruebas concretas de una infracci\u00f3n. En cuanto tengamos conocimiento de infracciones legales, eliminaremos dichos enlaces de inmediato.<br \/>Informaci\u00f3n al consumidor:<br \/>Resoluci\u00f3n de litigios en l\u00ednea de conformidad con el art. 14, apartado 1, ODR-VO: La Comisi\u00f3n Europea ofrece una plataforma para la resoluci\u00f3n de litigios en l\u00ednea (OS), que puede encontrar aqu\u00ed: ec.europa.eu\/consumers\/odr.<\/p>\r\n<p><br \/>El Paradiso no participa en la resoluci\u00f3n de disputas.<\/p>","protected":false},"excerpt":{"rendered":"<p>El ParadisoLucopa S.L.Boulevard de Paguera 4807160 PegueraSpain Telephone: +34 971 686048Email: speckert123@gmx.de Web: http:\/\/www.el-paradiso.es Management:Mrs. Gabi Speckert Responsible for content according to \u00a755 RStV: Ms. Gabi Speckert Sales tax ID no. according to \u00a7 27 a Value Added Tax Act: Disclaimer:Liability for content As a service provider, we are responsible for our own content on [&hellip;]<\/p>","protected":false},"author":8,"featured_media":0,"parent":0,"menu_order":0,"comment_status":"closed","ping_status":"open","template":"","meta":{"footnotes":""},"class_list":["post-3","page","type-page","status-publish","hentry"],"yoast_head":"<!-- This site is optimized with the Yoast SEO plugin v23.6 - https:\/\/yoast.com\/wordpress\/plugins\/seo\/ -->\n<title>Impressum - Disclaimer - El Paradiso: Restaurant in Paguera<\/title>\n<meta name=\"robots\" content=\"index, follow, max-snippet:-1, max-image-preview:large, max-video-preview:-1\" \/>\n<link rel=\"canonical\" href=\"https:\/\/elparadiso.es\/es\/aviso-legal\/\" \/>\n<meta property=\"og:locale\" content=\"es_ES\" \/>\n<meta property=\"og:type\" content=\"article\" \/>\n<meta property=\"og:title\" content=\"Impressum - Disclaimer - El Paradiso: Restaurant in Paguera\" \/>\n<meta property=\"og:description\" content=\"El ParadisoLucopa S.L.Boulevard de Paguera 4807160 PegueraSpain Telephone: +34 971 686048Email: speckert123@gmx.de Web: http:\/\/www.el-paradiso.es Management:Mrs. Gabi Speckert Responsible for content according to \u00a755 RStV: Ms. Gabi Speckert Sales tax ID no. according to \u00a7 27 a Value Added Tax Act: Disclaimer:Liability for content As a service provider, we are responsible for our own content on [&hellip;]\" \/>\n<meta property=\"og:url\" content=\"https:\/\/elparadiso.es\/es\/aviso-legal\/\" \/>\n<meta property=\"og:site_name\" content=\"El Paradiso: Restaurant in Paguera\" \/>\n<meta property=\"article:publisher\" content=\"https:\/\/www.facebook.com\/Restaurante-El-Paradiso-Paguera-170928189585488\/\" \/>\n<meta property=\"article:modified_time\" content=\"2022-03-09T23:04:52+00:00\" \/>\n<meta name=\"twitter:card\" content=\"summary_large_image\" \/>\n<meta name=\"twitter:label1\" content=\"Est. reading time\" \/>\n\t<meta name=\"twitter:data1\" content=\"2 minutes\" \/>\n<script type=\"application\/ld+json\" class=\"yoast-schema-graph\">{\"@context\":\"https:\/\/schema.org\",\"@graph\":[{\"@type\":\"WebPage\",\"@id\":\"https:\/\/elparadiso.es\/impressum-disclaimer\/\",\"url\":\"https:\/\/elparadiso.es\/impressum-disclaimer\/\",\"name\":\"Impressum - Disclaimer - El Paradiso: Restaurant in Paguera\",\"isPartOf\":{\"@id\":\"https:\/\/elparadiso.es\/#website\"},\"datePublished\":\"2022-03-09T08:32:00+00:00\",\"dateModified\":\"2022-03-09T23:04:52+00:00\",\"breadcrumb\":{\"@id\":\"https:\/\/elparadiso.es\/impressum-disclaimer\/#breadcrumb\"},\"inLanguage\":\"es-ES\",\"potentialAction\":[{\"@type\":\"ReadAction\",\"target\":[\"https:\/\/elparadiso.es\/impressum-disclaimer\/\"]}]},{\"@type\":\"BreadcrumbList\",\"@id\":\"https:\/\/elparadiso.es\/impressum-disclaimer\/#breadcrumb\",\"itemListElement\":[{\"@type\":\"ListItem\",\"position\":1,\"name\":\"Home\",\"item\":\"https:\/\/elparadiso.es\/\"},{\"@type\":\"ListItem\",\"position\":2,\"name\":\"Impressum &#8211; Disclaimer\"}]},{\"@type\":\"WebSite\",\"@id\":\"https:\/\/elparadiso.es\/#website\",\"url\":\"https:\/\/elparadiso.es\/\",\"name\":\"El Paradiso: Restaurant in Paguera\",\"description\":\"Would you like to enjoy delicious traditional food next to some beatiful and fresh sea views? Do not lose that opportunity\",\"publisher\":{\"@id\":\"https:\/\/elparadiso.es\/#organization\"},\"potentialAction\":[{\"@type\":\"SearchAction\",\"target\":{\"@type\":\"EntryPoint\",\"urlTemplate\":\"https:\/\/elparadiso.es\/?s={search_term_string}\"},\"query-input\":{\"@type\":\"PropertyValueSpecification\",\"valueRequired\":true,\"valueName\":\"search_term_string\"}}],\"inLanguage\":\"es-ES\"},{\"@type\":\"Organization\",\"@id\":\"https:\/\/elparadiso.es\/#organization\",\"name\":\"El Paradiso: Restaurant in Paguera\",\"url\":\"https:\/\/elparadiso.es\/\",\"logo\":{\"@type\":\"ImageObject\",\"inLanguage\":\"es-ES\",\"@id\":\"https:\/\/elparadiso.es\/#\/schema\/logo\/image\/\",\"url\":\"https:\/\/elparadiso.es\/wp-content\/uploads\/2022\/03\/cropped-El-Paradiso-logo.png\",\"contentUrl\":\"https:\/\/elparadiso.es\/wp-content\/uploads\/2022\/03\/cropped-El-Paradiso-logo.png\",\"width\":875,\"height\":250,\"caption\":\"El Paradiso: Restaurant in Paguera\"},\"image\":{\"@id\":\"https:\/\/elparadiso.es\/#\/schema\/logo\/image\/\"},\"sameAs\":[\"https:\/\/www.facebook.com\/Restaurante-El-Paradiso-Paguera-170928189585488\/\"]}]}<\/script>\n<!-- \/ Yoast SEO plugin. -->","yoast_head_json":{"title":"Impressum - Disclaimer - El Paradiso: Restaurant in Paguera","robots":{"index":"index","follow":"follow","max-snippet":"max-snippet:-1","max-image-preview":"max-image-preview:large","max-video-preview":"max-video-preview:-1"},"canonical":"https:\/\/elparadiso.es\/es\/aviso-legal\/","og_locale":"es_ES","og_type":"article","og_title":"Impressum - Disclaimer - El Paradiso: Restaurant in Paguera","og_description":"El ParadisoLucopa S.L.Boulevard de Paguera 4807160 PegueraSpain Telephone: +34 971 686048Email: speckert123@gmx.de Web: http:\/\/www.el-paradiso.es Management:Mrs. Gabi Speckert Responsible for content according to \u00a755 RStV: Ms. Gabi Speckert Sales tax ID no. according to \u00a7 27 a Value Added Tax Act: Disclaimer:Liability for content As a service provider, we are responsible for our own content on [&hellip;]","og_url":"https:\/\/elparadiso.es\/es\/aviso-legal\/","og_site_name":"El Paradiso: Restaurant in Paguera","article_publisher":"https:\/\/www.facebook.com\/Restaurante-El-Paradiso-Paguera-170928189585488\/","article_modified_time":"2022-03-09T23:04:52+00:00","twitter_card":"summary_large_image","twitter_misc":{"Est. reading time":"2 minutes"},"schema":{"@context":"https:\/\/schema.org","@graph":[{"@type":"WebPage","@id":"https:\/\/elparadiso.es\/impressum-disclaimer\/","url":"https:\/\/elparadiso.es\/impressum-disclaimer\/","name":"Impressum - Disclaimer - El Paradiso: Restaurant in Paguera","isPartOf":{"@id":"https:\/\/elparadiso.es\/#website"},"datePublished":"2022-03-09T08:32:00+00:00","dateModified":"2022-03-09T23:04:52+00:00","breadcrumb":{"@id":"https:\/\/elparadiso.es\/impressum-disclaimer\/#breadcrumb"},"inLanguage":"es-ES","potentialAction":[{"@type":"ReadAction","target":["https:\/\/elparadiso.es\/impressum-disclaimer\/"]}]},{"@type":"BreadcrumbList","@id":"https:\/\/elparadiso.es\/impressum-disclaimer\/#breadcrumb","itemListElement":[{"@type":"ListItem","position":1,"name":"Home","item":"https:\/\/elparadiso.es\/"},{"@type":"ListItem","position":2,"name":"Impressum &#8211; Disclaimer"}]},{"@type":"WebSite","@id":"https:\/\/elparadiso.es\/#website","url":"https:\/\/elparadiso.es\/","name":"El Paradiso: Restaurant in Paguera","description":"Would you like to enjoy delicious traditional food next to some beatiful and fresh sea views? Do not lose that opportunity","publisher":{"@id":"https:\/\/elparadiso.es\/#organization"},"potentialAction":[{"@type":"SearchAction","target":{"@type":"EntryPoint","urlTemplate":"https:\/\/elparadiso.es\/?s={search_term_string}"},"query-input":{"@type":"PropertyValueSpecification","valueRequired":true,"valueName":"search_term_string"}}],"inLanguage":"es-ES"},{"@type":"Organization","@id":"https:\/\/elparadiso.es\/#organization","name":"El Paradiso: Restaurant in Paguera","url":"https:\/\/elparadiso.es\/","logo":{"@type":"ImageObject","inLanguage":"es-ES","@id":"https:\/\/elparadiso.es\/#\/schema\/logo\/image\/","url":"https:\/\/elparadiso.es\/wp-content\/uploads\/2022\/03\/cropped-El-Paradiso-logo.png","contentUrl":"https:\/\/elparadiso.es\/wp-content\/uploads\/2022\/03\/cropped-El-Paradiso-logo.png","width":875,"height":250,"caption":"El Paradiso: Restaurant in Paguera"},"image":{"@id":"https:\/\/elparadiso.es\/#\/schema\/logo\/image\/"},"sameAs":["https:\/\/www.facebook.com\/Restaurante-El-Paradiso-Paguera-170928189585488\/"]}]}},"_links":{"self":[{"href":"https:\/\/elparadiso.es\/es\/wp-json\/wp\/v2\/pages\/3"}],"collection":[{"href":"https:\/\/elparadiso.es\/es\/wp-json\/wp\/v2\/pages"}],"about":[{"href":"https:\/\/elparadiso.es\/es\/wp-json\/wp\/v2\/types\/page"}],"author":[{"embeddable":true,"href":"https:\/\/elparadiso.es\/es\/wp-json\/wp\/v2\/users\/8"}],"replies":[{"embeddable":true,"href":"https:\/\/elparadiso.es\/es\/wp-json\/wp\/v2\/comments?post=3"}],"version-history":[{"count":1,"href":"https:\/\/elparadiso.es\/es\/wp-json\/wp\/v2\/pages\/3\/revisions"}],"predecessor-version":[{"id":386,"href":"https:\/\/elparadiso.es\/es\/wp-json\/wp\/v2\/pages\/3\/revisions\/386"}],"wp:attachment":[{"href":"https:\/\/elparadiso.es\/es\/wp-json\/wp\/v2\/media?parent=3"}],"curies":[{"name":"wp","href":"https:\/\/api.w.org\/{rel}","templated":true}]}}