{"id":40,"date":"2022-03-09T08:32:24","date_gmt":"2022-03-09T08:32:24","guid":{"rendered":"https:\/\/elparadiso.es\/contact\/"},"modified":"2022-03-09T23:01:32","modified_gmt":"2022-03-09T23:01:32","slug":"data-protection","status":"publish","type":"page","link":"https:\/\/elparadiso.es\/es\/proteccion-de-datos\/","title":{"rendered":"Protecci\u00f3n de datos"},"content":{"rendered":"<p>Privacidad<\/p>\r\n<p>El operador de este sitio web se compromete a cumplir con las disposiciones legales en materia de protecci\u00f3n de datos, que actualmente est\u00e1n reguladas en particular en el Reglamento General de Protecci\u00f3n de Datos (RGPD), la Ley Federal de Protecci\u00f3n de Datos (BDSG) y la Ley de Telemedia (TMG).<\/p>\r\n<p><br \/>En este sentido, aclaramos el tipo, el alcance y la finalidad del tratamiento de datos personales (en adelante, \u00abdatos\u00bb) en el marco de nuestra oferta online y de los sitios web, funciones y contenidos asociados a ella, as\u00ed como de las presencias online externas, como nuestro perfil en las redes sociales (en adelante, en conjunto, \u00aboferta online\u00bb). En lo que respecta a los t\u00e9rminos utilizados, como \u00abtratamiento\u00bb o \u00abresponsable\u00bb, nos remitimos a las definiciones del art\u00edculo 4 del Reglamento General de Protecci\u00f3n de Datos (RGPD).<\/p>\r\n<p>1. La privacidad en pocas palabras<\/p>\r\n<p>informaci\u00f3n general<br \/>Las siguientes notas proporcionan una descripci\u00f3n general simple de lo que sucede con sus datos personales cuando visita nuestro sitio web.<br \/>Los datos personales son todos los datos con los que se le puede identificar personalmente. Puede encontrar informaci\u00f3n detallada sobre el tema de la protecci\u00f3n de datos en nuestra declaraci\u00f3n de protecci\u00f3n de datos que aparece debajo de este texto.<\/p>\r\n<p>Recopilaci\u00f3n de datos en nuestro sitio web<br \/>\u00bfQui\u00e9n es responsable de la recopilaci\u00f3n de datos en este sitio web?<br \/>El procesamiento de datos en este sitio web lo realiza el operador del sitio web.<br \/>Puede encontrar sus datos de contacto en el pie de imprenta de este sitio web.<\/p>\r\n<p>\u00bfC\u00f3mo recopilamos sus datos?<br \/>Por una parte, tus datos se recogen cuando t\u00fa mismo nos los comunicas.<br \/>Estos pueden ser, por ejemplo, datos que usted introduce en un formulario de contacto.<br \/>Otros datos se recopilan autom\u00e1ticamente en nuestros sistemas inform\u00e1ticos cuando usted visita el sitio web. Se trata principalmente de datos t\u00e9cnicos (por ejemplo, navegador de Internet, sistema operativo u hora de la visita a la p\u00e1gina). Estos datos se recopilan autom\u00e1ticamente en cuanto usted accede a nuestro sitio web.<\/p>\r\n<p>\u00bfPara qu\u00e9 utilizamos tus datos?<br \/>Una parte de los datos se recopilan para garantizar que el sitio web se ofrece sin errores. Otros datos se pueden utilizar para analizar el comportamiento del usuario.<\/p>\r\n<p>\u00bfQu\u00e9 derechos tienes sobre tus datos?<br \/>Tiene derecho a recibir en cualquier momento informaci\u00f3n gratuita sobre el origen, el destinatario y la finalidad de los datos personales que le conciernen. Tambi\u00e9n tiene derecho a solicitar la correcci\u00f3n, el bloqueo o la eliminaci\u00f3n de dichos datos. Si tiene alguna pregunta sobre la protecci\u00f3n de datos, puede ponerse en contacto con nosotros en cualquier momento en la direcci\u00f3n indicada en el aviso legal. Tambi\u00e9n tiene derecho a presentar una reclamaci\u00f3n ante la autoridad de control competente.<\/p>\r\n<p>Herramientas de an\u00e1lisis y herramientas de terceros<br \/>Cuando visita nuestro sitio web, su comportamiento de navegaci\u00f3n puede evaluarse estad\u00edsticamente. Esto se hace principalmente mediante cookies y los llamados programas de an\u00e1lisis. El an\u00e1lisis de su comportamiento de navegaci\u00f3n se realiza por lo general de forma an\u00f3nima; su comportamiento de navegaci\u00f3n no puede relacionarse con usted. Puede oponerse a este an\u00e1lisis o impedirlo no utilizando determinadas herramientas. Encontrar\u00e1 informaci\u00f3n detallada al respecto en la siguiente declaraci\u00f3n de protecci\u00f3n de datos.<br \/>Puede oponerse a este an\u00e1lisis. Le informaremos sobre las posibilidades de oposici\u00f3n en esta declaraci\u00f3n de protecci\u00f3n de datos.<\/p>\r\n<p>2. Informaci\u00f3n general e informaci\u00f3n obligatoria<\/p>\r\n<p>privacidad<br \/>El operador de este sitio web se toma muy en serio la protecci\u00f3n de sus datos personales. Tratamos sus datos personales de forma confidencial y de conformidad con las disposiciones legales de protecci\u00f3n de datos y esta declaraci\u00f3n de protecci\u00f3n de datos.<br \/>Si utiliza este sitio web, se recopilar\u00e1n diversos datos personales. Los datos personales son datos con los que se le puede identificar personalmente. Esta declaraci\u00f3n de protecci\u00f3n de datos explica qu\u00e9 datos recopilamos y para qu\u00e9 los utilizamos. Tambi\u00e9n explica c\u00f3mo y con qu\u00e9 fin lo hacemos. Nos gustar\u00eda advertirle de que la transmisi\u00f3n de datos a trav\u00e9s de Internet (por ejemplo, al comunicarse por correo electr\u00f3nico) puede presentar lagunas de seguridad. No es posible proteger completamente los datos contra el acceso por parte de terceros.<\/p>\r\n<p>Nota sobre el organismo responsable<br \/>El responsable del tratamiento de datos en este sitio web es la persona especificada en el pie de imprenta de esta p\u00e1gina.<br \/>El organismo responsable es la persona f\u00edsica o jur\u00eddica que, sola o junto con otras, decide sobre los fines y medios del tratamiento de datos personales (por ejemplo, nombres, direcciones de correo electr\u00f3nico, etc.).<\/p>\r\n<p>Revocaci\u00f3n de su consentimiento para el tratamiento de datos<br \/>Muchos tratamientos de datos s\u00f3lo son posibles con su consentimiento expreso.<br \/>Puede revocar en cualquier momento el consentimiento que haya otorgado. Basta con que nos env\u00ede un mensaje informal por correo electr\u00f3nico. La legalidad del tratamiento de datos realizado hasta la revocaci\u00f3n no se ver\u00e1 afectada por esta.<\/p>\r\n<p>Derecho de reclamaci\u00f3n ante la autoridad de control competente<br \/>En el caso de la legislaci\u00f3n de protecci\u00f3n de datos<\/p>","protected":false},"excerpt":{"rendered":"","protected":false},"author":8,"featured_media":0,"parent":0,"menu_order":0,"comment_status":"closed","ping_status":"closed","template":"","meta":{"footnotes":""},"class_list":["post-40","page","type-page","status-publish","hentry"],"yoast_head":"<!-- This site is optimized with the Yoast SEO plugin v23.6 - https:\/\/yoast.com\/wordpress\/plugins\/seo\/ -->\n<title>Data Protection - El Paradiso: Restaurant in Paguera<\/title>\n<meta name=\"robots\" content=\"index, follow, max-snippet:-1, max-image-preview:large, max-video-preview:-1\" \/>\n<link rel=\"canonical\" href=\"https:\/\/elparadiso.es\/es\/proteccion-de-datos\/\" \/>\n<meta property=\"og:locale\" content=\"es_ES\" \/>\n<meta property=\"og:type\" content=\"article\" \/>\n<meta property=\"og:title\" content=\"Data Protection - El Paradiso: Restaurant in Paguera\" \/>\n<meta property=\"og:url\" content=\"https:\/\/elparadiso.es\/es\/proteccion-de-datos\/\" \/>\n<meta property=\"og:site_name\" content=\"El Paradiso: Restaurant in Paguera\" \/>\n<meta property=\"article:publisher\" content=\"https:\/\/www.facebook.com\/Restaurante-El-Paradiso-Paguera-170928189585488\/\" \/>\n<meta property=\"article:modified_time\" content=\"2022-03-09T23:01:32+00:00\" \/>\n<meta name=\"twitter:card\" content=\"summary_large_image\" \/>\n<meta name=\"twitter:label1\" content=\"Est. reading time\" \/>\n\t<meta name=\"twitter:data1\" content=\"4 minutes\" \/>\n<script type=\"application\/ld+json\" class=\"yoast-schema-graph\">{\"@context\":\"https:\/\/schema.org\",\"@graph\":[{\"@type\":\"WebPage\",\"@id\":\"https:\/\/elparadiso.es\/data-protection\/\",\"url\":\"https:\/\/elparadiso.es\/data-protection\/\",\"name\":\"Data Protection - El Paradiso: Restaurant in Paguera\",\"isPartOf\":{\"@id\":\"https:\/\/elparadiso.es\/#website\"},\"datePublished\":\"2022-03-09T08:32:24+00:00\",\"dateModified\":\"2022-03-09T23:01:32+00:00\",\"breadcrumb\":{\"@id\":\"https:\/\/elparadiso.es\/data-protection\/#breadcrumb\"},\"inLanguage\":\"es-ES\",\"potentialAction\":[{\"@type\":\"ReadAction\",\"target\":[\"https:\/\/elparadiso.es\/data-protection\/\"]}]},{\"@type\":\"BreadcrumbList\",\"@id\":\"https:\/\/elparadiso.es\/data-protection\/#breadcrumb\",\"itemListElement\":[{\"@type\":\"ListItem\",\"position\":1,\"name\":\"Home\",\"item\":\"https:\/\/elparadiso.es\/\"},{\"@type\":\"ListItem\",\"position\":2,\"name\":\"Data Protection\"}]},{\"@type\":\"WebSite\",\"@id\":\"https:\/\/elparadiso.es\/#website\",\"url\":\"https:\/\/elparadiso.es\/\",\"name\":\"El Paradiso: Restaurant in Paguera\",\"description\":\"Would you like to enjoy delicious traditional food next to some beatiful and fresh sea views? Do not lose that opportunity\",\"publisher\":{\"@id\":\"https:\/\/elparadiso.es\/#organization\"},\"potentialAction\":[{\"@type\":\"SearchAction\",\"target\":{\"@type\":\"EntryPoint\",\"urlTemplate\":\"https:\/\/elparadiso.es\/?s={search_term_string}\"},\"query-input\":{\"@type\":\"PropertyValueSpecification\",\"valueRequired\":true,\"valueName\":\"search_term_string\"}}],\"inLanguage\":\"es-ES\"},{\"@type\":\"Organization\",\"@id\":\"https:\/\/elparadiso.es\/#organization\",\"name\":\"El Paradiso: Restaurant in Paguera\",\"url\":\"https:\/\/elparadiso.es\/\",\"logo\":{\"@type\":\"ImageObject\",\"inLanguage\":\"es-ES\",\"@id\":\"https:\/\/elparadiso.es\/#\/schema\/logo\/image\/\",\"url\":\"https:\/\/elparadiso.es\/wp-content\/uploads\/2022\/03\/cropped-El-Paradiso-logo.png\",\"contentUrl\":\"https:\/\/elparadiso.es\/wp-content\/uploads\/2022\/03\/cropped-El-Paradiso-logo.png\",\"width\":875,\"height\":250,\"caption\":\"El Paradiso: Restaurant in Paguera\"},\"image\":{\"@id\":\"https:\/\/elparadiso.es\/#\/schema\/logo\/image\/\"},\"sameAs\":[\"https:\/\/www.facebook.com\/Restaurante-El-Paradiso-Paguera-170928189585488\/\"]}]}<\/script>\n<!-- \/ Yoast SEO plugin. -->","yoast_head_json":{"title":"Data Protection - El Paradiso: Restaurant in Paguera","robots":{"index":"index","follow":"follow","max-snippet":"max-snippet:-1","max-image-preview":"max-image-preview:large","max-video-preview":"max-video-preview:-1"},"canonical":"https:\/\/elparadiso.es\/es\/proteccion-de-datos\/","og_locale":"es_ES","og_type":"article","og_title":"Data Protection - El Paradiso: Restaurant in Paguera","og_url":"https:\/\/elparadiso.es\/es\/proteccion-de-datos\/","og_site_name":"El Paradiso: Restaurant in Paguera","article_publisher":"https:\/\/www.facebook.com\/Restaurante-El-Paradiso-Paguera-170928189585488\/","article_modified_time":"2022-03-09T23:01:32+00:00","twitter_card":"summary_large_image","twitter_misc":{"Est. reading time":"4 minutes"},"schema":{"@context":"https:\/\/schema.org","@graph":[{"@type":"WebPage","@id":"https:\/\/elparadiso.es\/data-protection\/","url":"https:\/\/elparadiso.es\/data-protection\/","name":"Data Protection - El Paradiso: Restaurant in Paguera","isPartOf":{"@id":"https:\/\/elparadiso.es\/#website"},"datePublished":"2022-03-09T08:32:24+00:00","dateModified":"2022-03-09T23:01:32+00:00","breadcrumb":{"@id":"https:\/\/elparadiso.es\/data-protection\/#breadcrumb"},"inLanguage":"es-ES","potentialAction":[{"@type":"ReadAction","target":["https:\/\/elparadiso.es\/data-protection\/"]}]},{"@type":"BreadcrumbList","@id":"https:\/\/elparadiso.es\/data-protection\/#breadcrumb","itemListElement":[{"@type":"ListItem","position":1,"name":"Home","item":"https:\/\/elparadiso.es\/"},{"@type":"ListItem","position":2,"name":"Data Protection"}]},{"@type":"WebSite","@id":"https:\/\/elparadiso.es\/#website","url":"https:\/\/elparadiso.es\/","name":"El Paradiso: Restaurant in Paguera","description":"Would you like to enjoy delicious traditional food next to some beatiful and fresh sea views? Do not lose that opportunity","publisher":{"@id":"https:\/\/elparadiso.es\/#organization"},"potentialAction":[{"@type":"SearchAction","target":{"@type":"EntryPoint","urlTemplate":"https:\/\/elparadiso.es\/?s={search_term_string}"},"query-input":{"@type":"PropertyValueSpecification","valueRequired":true,"valueName":"search_term_string"}}],"inLanguage":"es-ES"},{"@type":"Organization","@id":"https:\/\/elparadiso.es\/#organization","name":"El Paradiso: Restaurant in Paguera","url":"https:\/\/elparadiso.es\/","logo":{"@type":"ImageObject","inLanguage":"es-ES","@id":"https:\/\/elparadiso.es\/#\/schema\/logo\/image\/","url":"https:\/\/elparadiso.es\/wp-content\/uploads\/2022\/03\/cropped-El-Paradiso-logo.png","contentUrl":"https:\/\/elparadiso.es\/wp-content\/uploads\/2022\/03\/cropped-El-Paradiso-logo.png","width":875,"height":250,"caption":"El Paradiso: Restaurant in Paguera"},"image":{"@id":"https:\/\/elparadiso.es\/#\/schema\/logo\/image\/"},"sameAs":["https:\/\/www.facebook.com\/Restaurante-El-Paradiso-Paguera-170928189585488\/"]}]}},"_links":{"self":[{"href":"https:\/\/elparadiso.es\/es\/wp-json\/wp\/v2\/pages\/40"}],"collection":[{"href":"https:\/\/elparadiso.es\/es\/wp-json\/wp\/v2\/pages"}],"about":[{"href":"https:\/\/elparadiso.es\/es\/wp-json\/wp\/v2\/types\/page"}],"author":[{"embeddable":true,"href":"https:\/\/elparadiso.es\/es\/wp-json\/wp\/v2\/users\/8"}],"replies":[{"embeddable":true,"href":"https:\/\/elparadiso.es\/es\/wp-json\/wp\/v2\/comments?post=40"}],"version-history":[{"count":4,"href":"https:\/\/elparadiso.es\/es\/wp-json\/wp\/v2\/pages\/40\/revisions"}],"predecessor-version":[{"id":384,"href":"https:\/\/elparadiso.es\/es\/wp-json\/wp\/v2\/pages\/40\/revisions\/384"}],"wp:attachment":[{"href":"https:\/\/elparadiso.es\/es\/wp-json\/wp\/v2\/media?parent=40"}],"curies":[{"name":"wp","href":"https:\/\/api.w.org\/{rel}","templated":true}]}}